{"id":332,"date":"2026-03-07T00:54:36","date_gmt":"2026-03-07T00:54:36","guid":{"rendered":"https:\/\/schreiber-gerichtsdolmetscherin.com\/?page_id=332"},"modified":"2026-03-19T07:02:03","modified_gmt":"2026-03-19T07:02:03","slug":"impressum","status":"publish","type":"page","link":"https:\/\/schreiber-gerichtsdolmetscherin.com\/de\/impressum\/","title":{"rendered":"Impressum"},"content":{"rendered":"\t\t<div data-elementor-type=\"wp-page\" data-elementor-id=\"332\" class=\"elementor elementor-332\" data-elementor-post-type=\"page\">\n\t\t\t\t<div class=\"elementor-element elementor-element-a3ac384 e-flex e-con-boxed e-con e-parent\" data-id=\"a3ac384\" data-element_type=\"container\" data-e-type=\"container\" data-settings=\"{&quot;background_background&quot;:&quot;classic&quot;}\">\n\t\t\t\t\t<div class=\"e-con-inner\">\n\t\t\t\t\t<\/div>\n\t\t\t\t<\/div>\n\t\t<div class=\"elementor-element elementor-element-10929cc e-flex e-con-boxed e-con e-parent\" data-id=\"10929cc\" data-element_type=\"container\" data-e-type=\"container\">\n\t\t\t\t\t<div class=\"e-con-inner\">\n\t\t\t\t<div class=\"elementor-element elementor-element-2bc1143 elementor-widget elementor-widget-text-editor\" data-id=\"2bc1143\" data-element_type=\"widget\" data-e-type=\"widget\" data-widget_type=\"text-editor.default\">\n\t\t\t\t\t\t\t\t\t<h2 data-section-id=\"wqzoil\" data-start=\"98\" data-end=\"109\">Impressum<\/h2><p data-start=\"111\" data-end=\"168\"><strong data-start=\"111\" data-end=\"168\">Angaben gem\u00e4\u00df \u00a7 5 ECG, \u00a7 14 UGB und \u00a7 24 Mediengesetz<\/strong><\/p><p data-start=\"170\" data-end=\"212\">Nataliya Schreiber, BSc<br data-start=\"188\" data-end=\"191\" \/>Gerichtsdolmetscherin<\/p><p data-start=\"214\" data-end=\"259\">Langenstegstra\u00dfe 43a<br data-start=\"234\" data-end=\"237\" \/>6971 Hard<br data-start=\"246\" data-end=\"249\" \/>\u00d6sterreich<\/p><p data-start=\"261\" data-end=\"321\">Telefon: +43 650 8308180<br data-start=\"285\" data-end=\"288\" \/>E-Mail: <a class=\"decorated-link cursor-pointer\" rel=\"noopener\" data-start=\"296\" data-end=\"321\">nataschaschreiber@gmx.net<\/a><\/p><h2 data-section-id=\"1uqf1zs\" data-start=\"328\" data-end=\"348\">\u00a0<\/h2><h3>Berufsbezeichnung<\/h3><p data-start=\"350\" data-end=\"371\">Gerichtsdolmetscherin<\/p><p data-start=\"373\" data-end=\"425\">Die Berufsbezeichnung wurde in \u00d6sterreich verliehen.<\/p><h2 data-section-id=\"17krboy\" data-start=\"432\" data-end=\"486\">\u00a0<\/h2><h3 data-section-id=\"17krboy\" data-start=\"432\" data-end=\"486\">Verantwortlich f\u00fcr den Inhalt nach \u00a7 55 Abs. 2 RStV<\/h3><p data-start=\"488\" data-end=\"554\">Nataliya Schreiber, BSc<br data-start=\"506\" data-end=\"509\" \/>Langenstegstra\u00dfe 43a<br data-start=\"529\" data-end=\"532\" \/>6971 Hard<br data-start=\"541\" data-end=\"544\" \/>\u00d6sterreich<\/p><h2 data-section-id=\"3k944r\" data-start=\"561\" data-end=\"584\">\u00a0<\/h2><h3 data-section-id=\"3k944r\" data-start=\"561\" data-end=\"584\">EU-Streitschlichtung<\/h3><p data-start=\"586\" data-end=\"712\">Die Europ\u00e4ische Kommission stellt eine Plattform zur Online-Streitbeilegung (OS) bereit:<br data-start=\"674\" data-end=\"677\" \/><a class=\"decorated-link cursor-pointer\" target=\"_new\" rel=\"noopener\" data-start=\"677\" data-end=\"712\">https:\/\/ec.europa.eu\/consumers\/odr\/<\/a><\/p><p data-start=\"714\" data-end=\"799\">Sie k\u00f6nnen allf\u00e4llige Beschwerden auch an die oben angegebene E-Mail-Adresse richten.<\/p><h2 data-section-id=\"1yifl89\" data-start=\"806\" data-end=\"828\">\u00a0<\/h2><h3 data-section-id=\"1yifl89\" data-start=\"806\" data-end=\"828\">Haftung f\u00fcr Inhalte<\/h3><p data-start=\"830\" data-end=\"1001\">Die Inhalte unserer Seiten wurden mit gr\u00f6\u00dfter Sorgfalt erstellt. F\u00fcr die Richtigkeit, Vollst\u00e4ndigkeit und Aktualit\u00e4t der Inhalte k\u00f6nnen wir jedoch keine Gew\u00e4hr \u00fcbernehmen.<\/p><h2 data-section-id=\"18g7ogp\" data-start=\"1008\" data-end=\"1028\">\u00a0<\/h2><h3 data-section-id=\"18g7ogp\" data-start=\"1008\" data-end=\"1028\">Haftung f\u00fcr Links<\/h3><p data-start=\"1030\" data-end=\"1204\">Diese Website enth\u00e4lt Links zu externen Websites Dritter, auf deren Inhalte kein Einfluss besteht. Deshalb kann f\u00fcr diese fremden Inhalte auch keine Gew\u00e4hr \u00fcbernommen werden.<\/p><h2 data-section-id=\"4scjf6\" data-start=\"1211\" data-end=\"1226\">\u00a0<\/h2><h3 data-section-id=\"4scjf6\" data-start=\"1211\" data-end=\"1226\">Urheberrecht<\/h3><p data-start=\"1228\" data-end=\"1539\">Die Inhalte und Werke auf dieser Website unterliegen dem Urheberrecht. Beitr\u00e4ge Dritter sind als solche gekennzeichnet. Die Vervielf\u00e4ltigung, Bearbeitung, Verbreitung und jede Art der Verwertung au\u00dferhalb der Grenzen des Urheberrechts bed\u00fcrfen der schriftlichen Zustimmung des jeweiligen Autors bzw. Erstellers.<\/p>\t\t\t\t\t\t\t\t<\/div>\n\t\t\t\t\t<\/div>\n\t\t\t\t<\/div>\n\t\t\t\t<\/div>\n\t\t","protected":false},"excerpt":{"rendered":"<p>Impressum Angaben gem\u00e4\u00df \u00a7 5 ECG, \u00a7 14 UGB und \u00a7 24 Mediengesetz Nataliya Schreiber, BScGerichtsdolmetscherin Langenstegstra\u00dfe 43a6971 Hard\u00d6sterreich Telefon: +43 650 8308180E-Mail: nataschaschreiber@gmx.net \u00a0 Berufsbezeichnung Gerichtsdolmetscherin Die Berufsbezeichnung wurde in \u00d6sterreich verliehen. \u00a0 Verantwortlich f\u00fcr den Inhalt nach \u00a7 55 Abs. 2 RStV Nataliya Schreiber, BScLangenstegstra\u00dfe 43a6971 Hard\u00d6sterreich \u00a0 EU-Streitschlichtung Die Europ\u00e4ische Kommission stellt [&hellip;]<\/p>\n","protected":false},"author":1,"featured_media":0,"parent":0,"menu_order":0,"comment_status":"closed","ping_status":"closed","template":"elementor_header_footer","meta":{"footnotes":""},"class_list":["post-332","page","type-page","status-publish","hentry"],"_links":{"self":[{"href":"https:\/\/schreiber-gerichtsdolmetscherin.com\/de\/wp-json\/wp\/v2\/pages\/332","targetHints":{"allow":["GET"]}}],"collection":[{"href":"https:\/\/schreiber-gerichtsdolmetscherin.com\/de\/wp-json\/wp\/v2\/pages"}],"about":[{"href":"https:\/\/schreiber-gerichtsdolmetscherin.com\/de\/wp-json\/wp\/v2\/types\/page"}],"author":[{"embeddable":true,"href":"https:\/\/schreiber-gerichtsdolmetscherin.com\/de\/wp-json\/wp\/v2\/users\/1"}],"replies":[{"embeddable":true,"href":"https:\/\/schreiber-gerichtsdolmetscherin.com\/de\/wp-json\/wp\/v2\/comments?post=332"}],"version-history":[{"count":16,"href":"https:\/\/schreiber-gerichtsdolmetscherin.com\/de\/wp-json\/wp\/v2\/pages\/332\/revisions"}],"predecessor-version":[{"id":497,"href":"https:\/\/schreiber-gerichtsdolmetscherin.com\/de\/wp-json\/wp\/v2\/pages\/332\/revisions\/497"}],"wp:attachment":[{"href":"https:\/\/schreiber-gerichtsdolmetscherin.com\/de\/wp-json\/wp\/v2\/media?parent=332"}],"curies":[{"name":"wp","href":"https:\/\/api.w.org\/{rel}","templated":true}]}}